{"id":1516,"date":"2026-01-31T23:29:48","date_gmt":"2026-01-31T20:29:48","guid":{"rendered":"https:\/\/meralticaret.com.tr\/index.php\/maintenance-page\/"},"modified":"2026-02-01T00:52:33","modified_gmt":"2026-01-31T21:52:33","slug":"maintenance-page","status":"publish","type":"page","link":"https:\/\/meralticaret.com.tr\/index.php\/maintenance-page\/","title":{"rendered":""},"content":{"rendered":"\n<div style=\"height:45px\" aria-hidden=\"true\" class=\"wp-block-spacer\"><\/div>\n\n\n\n<div class=\"wp-block-cover\" style=\"min-height:800px;aspect-ratio:unset;\"><img fetchpriority=\"high\" decoding=\"async\" width=\"1024\" height=\"633\" class=\"wp-block-cover__image-background wp-image-1411 size-large\" alt=\"\" src=\"https:\/\/meralticaret.com.tr\/wp-content\/uploads\/2025\/09\/Adsiz-Tasarim-1-Duzenlendi-1024x633.png\" data-object-fit=\"cover\" srcset=\"https:\/\/meralticaret.com.tr\/wp-content\/uploads\/2025\/09\/Adsiz-Tasarim-1-Duzenlendi-1024x633.png 1024w, https:\/\/meralticaret.com.tr\/wp-content\/uploads\/2025\/09\/Adsiz-Tasarim-1-Duzenlendi-300x185.png 300w, https:\/\/meralticaret.com.tr\/wp-content\/uploads\/2025\/09\/Adsiz-Tasarim-1-Duzenlendi-768x475.png 768w, https:\/\/meralticaret.com.tr\/wp-content\/uploads\/2025\/09\/Adsiz-Tasarim-1-Duzenlendi.png 1440w\" sizes=\"(max-width: 1024px) 100vw, 1024px\" \/><span aria-hidden=\"true\" class=\"wp-block-cover__background has-background-dim-60 has-background-dim\" style=\"background-color:#3b414b\"><\/span><div class=\"wp-block-cover__inner-container is-layout-flow wp-block-cover-is-layout-flow\">\n<h2 class=\"wp-block-heading alignwide has-text-align-center has-white-color has-text-color\" style=\"font-size:64px\">Sitemiz Bak\u0131mda<\/h2>\n\n\n\n<div class=\"wp-block-columns alignwide is-layout-flex wp-container-core-columns-is-layout-28f84493 wp-block-columns-is-layout-flex\">\n<div class=\"wp-block-column is-layout-flow wp-block-column-is-layout-flow\" style=\"flex-basis:55%\">\n<div style=\"height:330px\" aria-hidden=\"true\" class=\"wp-block-spacer\"><\/div>\n\n\n\n<p class=\"has-text-align-center has-white-color has-text-color has-link-color has-medium-font-size wp-elements-dfa20ab1a70a24b1f9e75c89748f7426\" style=\"line-height:1.3\">K\u0131sa bir s\u00fcre sonra tekrar yay\u0131nday\u0131z. Anlay\u0131\u015f\u0131n\u0131z i\u00e7in te\u015fekk\u00fcr ederiz.<\/p>\n<\/div>\n\n\n\n<div class=\"wp-block-column is-layout-flow wp-block-column-is-layout-flow\"><\/div>\n<\/div>\n<\/div><\/div>\n\n\n\n<p><\/p>\n\n\n\n<div class=\"wp-block-group is-layout-constrained wp-block-group-is-layout-constrained\"><\/div>\n\n\n\n<p><\/p>\n","protected":false},"excerpt":{"rendered":"","protected":false},"author":1,"featured_media":0,"parent":0,"menu_order":0,"comment_status":"closed","ping_status":"closed","template":"templates\/wpmm-page-template.php","meta":{"_themeisle_gutenberg_block_has_review":false,"footnotes":""},"class_list":["post-1516","page","type-page","status-publish","hentry"],"yoast_head":"<!-- This site is optimized with the Yoast SEO plugin v26.0 - https:\/\/yoast.com\/wordpress\/plugins\/seo\/ -->\n<title>| Meral Ticaret<\/title>\n<meta name=\"robots\" content=\"index, follow, max-snippet:-1, max-image-preview:large, max-video-preview:-1\" \/>\n<link rel=\"canonical\" href=\"https:\/\/meralticaret.com.tr\/index.php\/maintenance-page\/\" \/>\n<meta property=\"og:locale\" content=\"tr_TR\" \/>\n<meta property=\"og:type\" content=\"article\" \/>\n<meta property=\"og:title\" content=\"| Meral Ticaret\" \/>\n<meta property=\"og:url\" content=\"https:\/\/meralticaret.com.tr\/index.php\/maintenance-page\/\" \/>\n<meta property=\"og:site_name\" content=\"Meral Ticaret\" \/>\n<meta property=\"article:publisher\" content=\"https:\/\/www.facebook.com\/p\/Meral-AVM-100063716583823\/\" \/>\n<meta property=\"article:modified_time\" content=\"2026-01-31T21:52:33+00:00\" \/>\n<meta property=\"og:image\" content=\"https:\/\/meralticaret.com.tr\/wp-content\/uploads\/2025\/09\/Adsiz-Tasarim-1-Duzenlendi.png\" \/>\n\t<meta property=\"og:image:width\" content=\"1440\" \/>\n\t<meta property=\"og:image:height\" content=\"890\" \/>\n\t<meta property=\"og:image:type\" content=\"image\/png\" \/>\n<meta name=\"twitter:card\" content=\"summary_large_image\" \/>\n<script type=\"application\/ld+json\" class=\"yoast-schema-graph\">{\"@context\":\"https:\/\/schema.org\",\"@graph\":[{\"@type\":\"WebPage\",\"@id\":\"https:\/\/meralticaret.com.tr\/index.php\/maintenance-page\/\",\"url\":\"https:\/\/meralticaret.com.tr\/index.php\/maintenance-page\/\",\"name\":\"| Meral Ticaret\",\"isPartOf\":{\"@id\":\"https:\/\/meralticaret.com.tr\/#website\"},\"primaryImageOfPage\":{\"@id\":\"https:\/\/meralticaret.com.tr\/index.php\/maintenance-page\/#primaryimage\"},\"image\":{\"@id\":\"https:\/\/meralticaret.com.tr\/index.php\/maintenance-page\/#primaryimage\"},\"thumbnailUrl\":\"https:\/\/meralticaret.com.tr\/wp-content\/uploads\/2025\/09\/Adsiz-Tasarim-1-Duzenlendi-1024x633.png\",\"datePublished\":\"2026-01-31T20:29:48+00:00\",\"dateModified\":\"2026-01-31T21:52:33+00:00\",\"inLanguage\":\"tr\",\"potentialAction\":[{\"@type\":\"ReadAction\",\"target\":[\"https:\/\/meralticaret.com.tr\/index.php\/maintenance-page\/\"]}]},{\"@type\":\"ImageObject\",\"inLanguage\":\"tr\",\"@id\":\"https:\/\/meralticaret.com.tr\/index.php\/maintenance-page\/#primaryimage\",\"url\":\"https:\/\/meralticaret.com.tr\/wp-content\/uploads\/2025\/09\/Adsiz-Tasarim-1-Duzenlendi.png\",\"contentUrl\":\"https:\/\/meralticaret.com.tr\/wp-content\/uploads\/2025\/09\/Adsiz-Tasarim-1-Duzenlendi.png\",\"width\":1440,\"height\":890},{\"@type\":\"WebSite\",\"@id\":\"https:\/\/meralticaret.com.tr\/#website\",\"url\":\"https:\/\/meralticaret.com.tr\/\",\"name\":\"Meral Ticaret\",\"description\":\"Arad\u0131\u011f\u0131n\u0131z Her \u015eey Burada\",\"publisher\":{\"@id\":\"https:\/\/meralticaret.com.tr\/#organization\"},\"potentialAction\":[{\"@type\":\"SearchAction\",\"target\":{\"@type\":\"EntryPoint\",\"urlTemplate\":\"https:\/\/meralticaret.com.tr\/?s={search_term_string}\"},\"query-input\":{\"@type\":\"PropertyValueSpecification\",\"valueRequired\":true,\"valueName\":\"search_term_string\"}}],\"inLanguage\":\"tr\"},{\"@type\":\"Organization\",\"@id\":\"https:\/\/meralticaret.com.tr\/#organization\",\"name\":\"Meral Ticaret\",\"url\":\"https:\/\/meralticaret.com.tr\/\",\"logo\":{\"@type\":\"ImageObject\",\"inLanguage\":\"tr\",\"@id\":\"https:\/\/meralticaret.com.tr\/#\/schema\/logo\/image\/\",\"url\":\"https:\/\/meralticaret.com.tr\/wp-content\/uploads\/2025\/09\/b2fd45f3-2678-461d-98ee-4d04e98bf695-Photoroom.png\",\"contentUrl\":\"https:\/\/meralticaret.com.tr\/wp-content\/uploads\/2025\/09\/b2fd45f3-2678-461d-98ee-4d04e98bf695-Photoroom.png\",\"width\":1280,\"height\":418,\"caption\":\"Meral Ticaret\"},\"image\":{\"@id\":\"https:\/\/meralticaret.com.tr\/#\/schema\/logo\/image\/\"},\"sameAs\":[\"https:\/\/www.facebook.com\/p\/Meral-AVM-100063716583823\/\",\"https:\/\/www.instagram.com\/meralavm\/\"]}]}<\/script>\n<!-- \/ Yoast SEO plugin. -->","yoast_head_json":{"title":"| Meral Ticaret","robots":{"index":"index","follow":"follow","max-snippet":"max-snippet:-1","max-image-preview":"max-image-preview:large","max-video-preview":"max-video-preview:-1"},"canonical":"https:\/\/meralticaret.com.tr\/index.php\/maintenance-page\/","og_locale":"tr_TR","og_type":"article","og_title":"| Meral Ticaret","og_url":"https:\/\/meralticaret.com.tr\/index.php\/maintenance-page\/","og_site_name":"Meral Ticaret","article_publisher":"https:\/\/www.facebook.com\/p\/Meral-AVM-100063716583823\/","article_modified_time":"2026-01-31T21:52:33+00:00","og_image":[{"width":1440,"height":890,"url":"https:\/\/meralticaret.com.tr\/wp-content\/uploads\/2025\/09\/Adsiz-Tasarim-1-Duzenlendi.png","type":"image\/png"}],"twitter_card":"summary_large_image","schema":{"@context":"https:\/\/schema.org","@graph":[{"@type":"WebPage","@id":"https:\/\/meralticaret.com.tr\/index.php\/maintenance-page\/","url":"https:\/\/meralticaret.com.tr\/index.php\/maintenance-page\/","name":"| Meral Ticaret","isPartOf":{"@id":"https:\/\/meralticaret.com.tr\/#website"},"primaryImageOfPage":{"@id":"https:\/\/meralticaret.com.tr\/index.php\/maintenance-page\/#primaryimage"},"image":{"@id":"https:\/\/meralticaret.com.tr\/index.php\/maintenance-page\/#primaryimage"},"thumbnailUrl":"https:\/\/meralticaret.com.tr\/wp-content\/uploads\/2025\/09\/Adsiz-Tasarim-1-Duzenlendi-1024x633.png","datePublished":"2026-01-31T20:29:48+00:00","dateModified":"2026-01-31T21:52:33+00:00","inLanguage":"tr","potentialAction":[{"@type":"ReadAction","target":["https:\/\/meralticaret.com.tr\/index.php\/maintenance-page\/"]}]},{"@type":"ImageObject","inLanguage":"tr","@id":"https:\/\/meralticaret.com.tr\/index.php\/maintenance-page\/#primaryimage","url":"https:\/\/meralticaret.com.tr\/wp-content\/uploads\/2025\/09\/Adsiz-Tasarim-1-Duzenlendi.png","contentUrl":"https:\/\/meralticaret.com.tr\/wp-content\/uploads\/2025\/09\/Adsiz-Tasarim-1-Duzenlendi.png","width":1440,"height":890},{"@type":"WebSite","@id":"https:\/\/meralticaret.com.tr\/#website","url":"https:\/\/meralticaret.com.tr\/","name":"Meral Ticaret","description":"Arad\u0131\u011f\u0131n\u0131z Her \u015eey Burada","publisher":{"@id":"https:\/\/meralticaret.com.tr\/#organization"},"potentialAction":[{"@type":"SearchAction","target":{"@type":"EntryPoint","urlTemplate":"https:\/\/meralticaret.com.tr\/?s={search_term_string}"},"query-input":{"@type":"PropertyValueSpecification","valueRequired":true,"valueName":"search_term_string"}}],"inLanguage":"tr"},{"@type":"Organization","@id":"https:\/\/meralticaret.com.tr\/#organization","name":"Meral Ticaret","url":"https:\/\/meralticaret.com.tr\/","logo":{"@type":"ImageObject","inLanguage":"tr","@id":"https:\/\/meralticaret.com.tr\/#\/schema\/logo\/image\/","url":"https:\/\/meralticaret.com.tr\/wp-content\/uploads\/2025\/09\/b2fd45f3-2678-461d-98ee-4d04e98bf695-Photoroom.png","contentUrl":"https:\/\/meralticaret.com.tr\/wp-content\/uploads\/2025\/09\/b2fd45f3-2678-461d-98ee-4d04e98bf695-Photoroom.png","width":1280,"height":418,"caption":"Meral Ticaret"},"image":{"@id":"https:\/\/meralticaret.com.tr\/#\/schema\/logo\/image\/"},"sameAs":["https:\/\/www.facebook.com\/p\/Meral-AVM-100063716583823\/","https:\/\/www.instagram.com\/meralavm\/"]}]}},"_links":{"self":[{"href":"https:\/\/meralticaret.com.tr\/index.php\/wp-json\/wp\/v2\/pages\/1516","targetHints":{"allow":["GET"]}}],"collection":[{"href":"https:\/\/meralticaret.com.tr\/index.php\/wp-json\/wp\/v2\/pages"}],"about":[{"href":"https:\/\/meralticaret.com.tr\/index.php\/wp-json\/wp\/v2\/types\/page"}],"author":[{"embeddable":true,"href":"https:\/\/meralticaret.com.tr\/index.php\/wp-json\/wp\/v2\/users\/1"}],"replies":[{"embeddable":true,"href":"https:\/\/meralticaret.com.tr\/index.php\/wp-json\/wp\/v2\/comments?post=1516"}],"version-history":[{"count":19,"href":"https:\/\/meralticaret.com.tr\/index.php\/wp-json\/wp\/v2\/pages\/1516\/revisions"}],"predecessor-version":[{"id":1550,"href":"https:\/\/meralticaret.com.tr\/index.php\/wp-json\/wp\/v2\/pages\/1516\/revisions\/1550"}],"wp:attachment":[{"href":"https:\/\/meralticaret.com.tr\/index.php\/wp-json\/wp\/v2\/media?parent=1516"}],"curies":[{"name":"wp","href":"https:\/\/api.w.org\/{rel}","templated":true}]}}